{"id":54,"date":"2014-04-23T04:25:52","date_gmt":"2014-04-23T02:25:52","guid":{"rendered":"http:\/\/www.me-haas.eu\/en\/?page_id=54"},"modified":"2014-04-23T04:25:52","modified_gmt":"2014-04-23T02:25:52","slug":"monthly-columns","status":"publish","type":"page","link":"https:\/\/www.me-haas.eu\/en\/publications-conferences\/monthly-columns\/","title":{"rendered":"Monthly columns on .EU domain names disputes published in Propri\u00e9t\u00e9 Industrielle"},"content":{"rendered":"<h2>Monthly columns on .EU domain names disputes published in <em>Propri\u00e9t\u00e9 Industrielle<\/em><\/h2>\n<h3>2014<\/h3>\n<ul>\n<li><strong>February 2014<\/strong>: \u00ab&nbsp;<em>Le nom de Vaclav Havel reste intact<\/em>&nbsp;\u00bb &lt;vaclavhavel.eu&gt;, ADR n\u00b006573, D.H. c\/ R. R. (n\u00b02 2014, alert 12)<\/li>\n<li><strong>January 2014<\/strong>: \u00ab&nbsp;<em>Usage d&#8217;un nom de domaine pour un site parking. Absence d&#8217;int\u00e9r\u00eat l\u00e9gitime. R\u00e9vocation du nom de domaine<\/em>&nbsp;\u00bb &lt;enterprize.eu&gt;, ADR n\u00b006542, Enterprise Holdings, Inc. c\/ Domains Master (n\u00b01 2014, alert 4)<\/li>\n<\/ul>\n<h3>2013<\/h3>\n<ul>\n<li><strong>December 2013<\/strong>: \u00ab&nbsp;<em>Absence d&#8217;usage pendant deux ans suivant l&#8217;enregistrement et mauvaise foi. Marque oppos\u00e9e post\u00e9rieure au nom de domaine. Transfert du nom de domaine<\/em>&nbsp;\u00bb &lt;1-2-fix.eu&gt;, ADR n\u00b006515, Umixx GmbH c\/ N. B.<\/li>\n<li><strong>November 2013<\/strong>: \u00ab&nbsp;<em>KGB Deals sur une page parking&nbsp;: transfert du nom de domaine<\/em>&nbsp;\u00bb &lt;kgbdeals.eu&gt;, ADR n\u00b006506, Grape Technology Group, Inc. and kgbdeals (UK) Limited, D.&nbsp;F. c\/ Domain Directors Europe Ltd, Domain Administrator<\/li>\n<li><strong>October 2013<\/strong>: \u00ab&nbsp;<em>In\u00e9ligibilit\u00e9 \u00e0 l&#8217;enregistrement et au transfert d&#8217;un nom de domaine en .eu<\/em>&nbsp;\u00bb &lt;richard-bertossa.eu&gt;, ADR n\u00b006423 Richard Bertossa c\/ Private Registration<\/li>\n<li><strong>September 2013<\/strong>: \u00ab&nbsp;<em>Comp\u00e9tence du tribunal ADR&nbsp;: rejet de la plainte pour cause de proc\u00e9dures judiciaires en cours et de complexit\u00e9 de la situation<\/em>&nbsp;\u00bb &lt;infosup.eu&gt;, ADR n\u00b006470, Educinvest c\/ Informatique Campus<\/li>\n<li><strong>July\/August 2013<\/strong>: \u00ab&nbsp;<em>Marque de renomm\u00e9e de Monsanto&nbsp;: le site parking a encore frapp\u00e9<\/em>&nbsp;\u00bb &lt;roundupready.eu&gt;, ADR n\u00b006417, Monsanto Technology LLC, Monsanto UK Limited c\/ Zhoujingjing, Zhou Jingjing<\/li>\n<li><strong>June 2013<\/strong>: \u00ab&nbsp;<em>Absence de droit ou d&#8217;int\u00e9r\u00eat l\u00e9gitime<\/em>&nbsp;\u00bb &lt;bac.eu&gt;, ADR n\u00b006400, Baltimore Aircoil International nv, L. R. V. c\/ Domain Manager Limited<\/li>\n<li><strong>May 2013<\/strong>: \u00ab&nbsp;<em>Absence d&#8217;usage du nom de domaine pendant deux ans et mauvaise foi<\/em>&nbsp;\u00bb &lt;511tactical.eu&gt;, ADR n\u00b006366, 5.11 c\/ Interal Team Ltd<\/li>\n<li><strong>April 2013<\/strong>: \u00ab&nbsp;<em>Droit ant\u00e9rieur. Marque australienne<\/em>&nbsp;\u00bb &lt;recovermyfiles.eu&gt;, ADR n\u00b006343, GetData Pty Ltd, G. H. c\/ Recover My Files Co., Ltd., M S<\/li>\n<li><strong>March 2013<\/strong>: \u00ab&nbsp;<em>Transfert d&#8217;un nom de domaine exploit\u00e9 pour un site parking<\/em>&nbsp;\u00bb &lt;bravosolution.eu&gt;, ADR n\u00b006369, BravoSolution SpA, C. G. K. c\/ S. B<\/li>\n<li><strong>January 2013<\/strong>: \u00ab&nbsp;<em>Transfert. Usage de mauvaise foi. Framing<\/em>&nbsp;\u00bb &lt;soprafrance.eu&gt;, ADR n\u00b006322, Sopra Group c\/ D. M<\/li>\n<\/ul>\n","protected":false},"excerpt":{"rendered":"<p>Monthly columns on .EU domain names disputes published in Propri\u00e9t\u00e9 Industrielle 2014 February 2014: \u00ab&nbsp;Le nom de Vaclav Havel reste intact&nbsp;\u00bb &lt;vaclavhavel.eu&gt;, ADR n\u00b006573, D.H. c\/ R. R. (n\u00b02 2014, alert 12) January 2014: \u00ab&nbsp;Usage d&#8217;un nom de domaine pour un site parking. Absence d&#8217;int\u00e9r\u00eat l\u00e9gitime. R\u00e9vocation du nom de domaine&nbsp;\u00bb &lt;enterprize.eu&gt;, ADR n\u00b006542, Enterprise [&hellip;]<\/p>\n","protected":false},"author":4,"featured_media":0,"parent":24,"menu_order":1,"comment_status":"closed","ping_status":"closed","template":"","meta":[],"_links":{"self":[{"href":"https:\/\/www.me-haas.eu\/en\/wp-json\/wp\/v2\/pages\/54"}],"collection":[{"href":"https:\/\/www.me-haas.eu\/en\/wp-json\/wp\/v2\/pages"}],"about":[{"href":"https:\/\/www.me-haas.eu\/en\/wp-json\/wp\/v2\/types\/page"}],"author":[{"embeddable":true,"href":"https:\/\/www.me-haas.eu\/en\/wp-json\/wp\/v2\/users\/4"}],"replies":[{"embeddable":true,"href":"https:\/\/www.me-haas.eu\/en\/wp-json\/wp\/v2\/comments?post=54"}],"version-history":[{"count":1,"href":"https:\/\/www.me-haas.eu\/en\/wp-json\/wp\/v2\/pages\/54\/revisions"}],"predecessor-version":[{"id":55,"href":"https:\/\/www.me-haas.eu\/en\/wp-json\/wp\/v2\/pages\/54\/revisions\/55"}],"up":[{"embeddable":true,"href":"https:\/\/www.me-haas.eu\/en\/wp-json\/wp\/v2\/pages\/24"}],"wp:attachment":[{"href":"https:\/\/www.me-haas.eu\/en\/wp-json\/wp\/v2\/media?parent=54"}],"curies":[{"name":"wp","href":"https:\/\/api.w.org\/{rel}","templated":true}]}}