{"id":56,"date":"2014-04-23T04:53:16","date_gmt":"2014-04-23T02:53:16","guid":{"rendered":"http:\/\/www.me-haas.eu\/en\/?page_id=56"},"modified":"2017-05-23T15:47:41","modified_gmt":"2017-05-23T13:47:41","slug":"legal-notices","status":"publish","type":"page","link":"https:\/\/www.me-haas.eu\/en\/legal-notices\/","title":{"rendered":"Legal notices"},"content":{"rendered":"<div class=\"flex_column av_one_full first  \"><section class=\"av_textblock_section\"  itemscope=\"itemscope\" itemtype=\"https:\/\/schema.org\/CreativeWork\" ><div class='avia_textblock '  itemprop=\"text\" ><div class=\"mentions-legales\">\n<h3>EDITOR<\/h3>\n<div class=\"mentions-legales-logo\"><img loading=\"lazy\" src=\"\/wp-content\/uploads\/shared\/logo_ME-HAAS_simple.png\" alt=\"Logo ME HAAS\" width=\"150\" height=\"156\" \/><\/div>\n<div class=\"mentions-legales-infos\"><small>DIRECTOR OF PUBLICATION: Marie-Emmanuelle HAAS, Attorney at Law, Paris Bar, RCS Paris 383 728 615 &#8211; 8, rue de Saintonge, 75003 Paris, France &#8211; Tel.: 00 33 (1) 85 08 06 60 &#8211; Email: meh@me-haas.eu<\/small><br \/>\n<small>HOSTING PROVIDER: OVH, 140, quai du Sartel, 59100 Roubaix, France, Tel.: 820 698 765<\/small><br \/>\n<small>Domain name registered on September 20, 2013<\/small><\/div>\n<\/div>\n<div class=\"mentions-legales\">\n<h3>CREATION OF THE LOGO AND<\/h3>\n<div class=\"mentions-legales-logo\">\n<h3>OF THE GRAPHIC CHARTER<\/h3>\n<\/div>\n<div class=\"mentions-legales-infos\"><small>Creation of the logo and of the graphic charter: <a href=\"http:\/\/mathiasrolland.com\" target=\"_blank\">Mathias Rolland<\/a>\u00a0&#8211; Email: rolland.mathias@gmail.com<\/small><\/div>\n<\/div>\n<div class=\"mentions-legales\">\n<div class=\"mentions-legales\">\n<h3>CONCEPTION<\/h3>\n<div class=\"mentions-legales-logo\"><img loading=\"lazy\" src=\"\/wp-content\/uploads\/shared\/logo_Image-juridique.jpg\" alt=\"Logo Image juridique\" width=\"150\" height=\"60\" \/><\/div>\n<div class=\"mentions-legales-infos\">\n<p><a href=\"http:\/\/www.imagejuridique.com\/\">Image juridique<\/a> <small><em>Agence de communication juridique<\/em><\/small><br \/>\n<small>11, rue aux Ours, 75003 Paris, France<\/small><br \/>\n<small>Tel. +33 (0)1 45 24 43 49<\/small><br \/>\n<small>Mob. +33 (0)6 81 79 80 84<\/small><br \/>\n<small>Email: <a href=\"mailto:brigitte@imagejuridique.com\">brigitte@imagejuridique.com<\/a><\/small><br \/>\n<small>DESIGNER: <a href=\"http:\/\/branddesigner.fr\/\" target=\"_blank\">Paul Boulant<\/a><\/small><br \/>\n<small>WEBMASTER: <a href=\"http:\/\/www.npcmedia.fr\/\" target=\"_blank\">St\u00e9phane P\u00e9r\u00e8s<\/a> and <a href=\"https:\/\/vikas.fr\/\" target=\"_blank\">Vikas Moutal<\/a><\/small><\/p>\n<\/div>\n<\/div>\n<\/div>\n<\/div><\/section>\n<\/div><div class=\"flex_column av_one_full first  \"><section class=\"av_textblock_section\"  itemscope=\"itemscope\" itemtype=\"https:\/\/schema.org\/CreativeWork\" ><div class='avia_textblock '  itemprop=\"text\" ><p>Merci de bien vouloir lire attentivement l&#8217;int\u00e9gralit\u00e9 des pr\u00e9sentes informations l\u00e9gales avant de consulter le site. Les pr\u00e9sentes informations l\u00e9gales ont pour objet de d\u00e9finir les modalit\u00e9s d&#8217;acc\u00e8s et d&#8217;utilisation du site du cabinet ME HAAS.<\/p>\n<ul>\n<li>Les mails adress\u00e9s \u00e0 ME HAAS par le biais du site ne sont conserv\u00e9s que pendant la dur\u00e9e de leur traitement.<br \/>\nL&#8217;adresse de courrier \u00e9lectronique et toute autre donn\u00e9e \u00e0 caract\u00e8re personnel inclue volontairement par l&#8217;utilisateur afin de s&#8217;identifier dans son courrier \u00e9lectronique adress\u00e9 au cabinet ME HAAS ainsi que les adresses IP (Internet Protocol) qui se rapportent \u00e0 sa connexion Internet sont les seules informations \u00e0 caract\u00e8re personnel susceptibles d&#8217;\u00eatre collect\u00e9es au moyen du site Web et trait\u00e9es par le cabinet ME HAAS (d\u00e9sign\u00e9es ci-apr\u00e8s ensemble comme les \u00ab\u00a0<em>Donn\u00e9es \u00e0 Caract\u00e8re Personnel<\/em>\u00a0\u00bb).<br \/>\nLe responsable des traitements des Donn\u00e9es \u00e0 Caract\u00e8re Personnel est Marie-Emmanuelle HAAS, pour son propre compte.<br \/>\nL&#8217;adresse de courrier \u00e9lectronique et toute autre donn\u00e9e \u00e0 caract\u00e8re personnel inclue par l&#8217;utilisateur dans son courrier \u00e9lectronique afin de s&#8217;identifier sont collect\u00e9es \u00e0 partir du site Web au moyen d&#8217;un lien de type \u00ab\u00a0<code>mailto<\/code>\u00a0\u00bb qui permet aux utilisateurs du site Web d&#8217;envoyer au cabinet ou \u00e0 ses membres des courriers \u00e9lectroniques. Ces donn\u00e9es ne sont conserv\u00e9es et utilis\u00e9es qu&#8217;aux seules fins de r\u00e9pondre aux courriers \u00e9lectroniques adress\u00e9s \u00e0 ME HAAS et \u00e0 ses membres. L&#8217;adresse de courrier \u00e9lectronique de l&#8217;utilisateur qui est transmise au cabinet doit \u00eatre valide, afin que celui-ci puisse r\u00e9pondre au courrier \u00e9lectronique envoy\u00e9. Toute autre donn\u00e9e \u00e0 caract\u00e8re personnel est facultative et fournie volontairement par l&#8217;utilisateur dans son courrier \u00e9lectronique. Les donn\u00e9es susvis\u00e9es sont conserv\u00e9es pendant toute la dur\u00e9e n\u00e9cessaire aux finalit\u00e9s pour lesquelles elles sont collect\u00e9es et trait\u00e9es.<\/li>\n<li>L&#8217;ensemble de ce site rel\u00e8ve des l\u00e9gislations fran\u00e7aise et internationale sur le droit d&#8217;auteur et la propri\u00e9t\u00e9 intellectuelle. Tous les droits de reproduction sont r\u00e9serv\u00e9s, y compris pour les documents iconographiques et photographiques.<\/li>\n<li>Tous les \u00e9l\u00e9ments <em>(textes, logos, images, \u00e9l\u00e9ments sonores, \u2026)<\/em> contenus dans le site et dans les sites associ\u00e9s sont prot\u00e9g\u00e9s par le droit national et international de la propri\u00e9t\u00e9 intellectuelle. Ces \u00e9l\u00e9ments restent la propri\u00e9t\u00e9 exclusive de ME HAAS et\/ou de ses partenaires.<br \/>\nA ce titre, sauf autorisation pr\u00e9alable et \u00e9crite, vous ne pouvez proc\u00e9der \u00e0 une quelconque reproduction, repr\u00e9sentation, adaptation, traduction et\/ou transformation partielle ou int\u00e9grale, ou un transfert sur un autre site web de tout \u00e9l\u00e9ment composant le Site.<br \/>\nLe non-respect de cette interdiction peut constituer un acte de contrefa\u00e7on engageant vos responsabilit\u00e9s civile et p\u00e9nale.<\/li>\n<\/ul>\n<\/div><\/section>\n<\/div><\/p>\n","protected":false},"excerpt":{"rendered":"","protected":false},"author":4,"featured_media":0,"parent":0,"menu_order":10,"comment_status":"closed","ping_status":"closed","template":"","meta":[],"_links":{"self":[{"href":"https:\/\/www.me-haas.eu\/en\/wp-json\/wp\/v2\/pages\/56"}],"collection":[{"href":"https:\/\/www.me-haas.eu\/en\/wp-json\/wp\/v2\/pages"}],"about":[{"href":"https:\/\/www.me-haas.eu\/en\/wp-json\/wp\/v2\/types\/page"}],"author":[{"embeddable":true,"href":"https:\/\/www.me-haas.eu\/en\/wp-json\/wp\/v2\/users\/4"}],"replies":[{"embeddable":true,"href":"https:\/\/www.me-haas.eu\/en\/wp-json\/wp\/v2\/comments?post=56"}],"version-history":[{"count":5,"href":"https:\/\/www.me-haas.eu\/en\/wp-json\/wp\/v2\/pages\/56\/revisions"}],"predecessor-version":[{"id":562,"href":"https:\/\/www.me-haas.eu\/en\/wp-json\/wp\/v2\/pages\/56\/revisions\/562"}],"wp:attachment":[{"href":"https:\/\/www.me-haas.eu\/en\/wp-json\/wp\/v2\/media?parent=56"}],"curies":[{"name":"wp","href":"https:\/\/api.w.org\/{rel}","templated":true}]}}